{"id":718,"date":"2018-05-17T14:29:05","date_gmt":"2018-05-17T14:29:05","guid":{"rendered":"https:\/\/www.kanthemes.com\/wp_themes\/spixer\/?page_id=718"},"modified":"2021-02-03T13:06:06","modified_gmt":"2021-02-03T10:06:06","slug":"kunye","status":"publish","type":"page","link":"https:\/\/demo.kanthemes.com\/spixer\/kunye\/","title":{"rendered":"K\u00fcnye"},"content":{"rendered":"<h3>\u00dcnvan\u0131<\/h3>\n<p>Kan Themes<\/p>\n<h3>\u0130leti\u015fim<\/h3>\n<p>1362 Timber Oak Drive &#8211; Riverside CA\u00a0 California &#8211; 92507<br \/>\n805-917-6613<\/p>\n<h3>Yazarlar\u0131m\u0131z<\/h3>\n<div id=\"sp_author-box\" class=\"author_shortcode_sp sp_block border-all sp_block--1881 sp_block--2\">\n\t<div class=\"sp_block-content\"><div class=\"sp_author-box\"><div class=\"sp_author-box-avatar\"><img alt='' src='https:\/\/secure.gravatar.com\/avatar\/ac35e12ed04c03613acb9f2a7098ab31?s=90&#038;d=mm&#038;r=g' srcset='https:\/\/secure.gravatar.com\/avatar\/ac35e12ed04c03613acb9f2a7098ab31?s=180&#038;d=mm&#038;r=g 2x' class='avatar avatar-90 photo' height='90' width='90' \/><\/div><div class=\"sp_author-box-content\"><h3 class=\"name\"><a href=\"https:\/\/www.kanthemes.com\">John Doe<\/a><\/h3><div class=\"bio\"><p>Series A financing niche market backing gen-z vesting period founders..<\/p><ul class=\"sp_author__social\"><li><a class=\"bg-facebook\" href=\"#\"><i class=\"ti-facebook\"><\/i><\/a><\/li><\/li><li><a class=\"bg-twitter\" href=\"#\"><i class=\"ti-twitter-alt\"><\/i><\/a><\/li><li><a class=\"bg-instagram\" href=\"#\"><i class=\"ti-instagram\"><\/i><\/a><\/li><li><a class=\"bg-google\" href=\"#\"><i class=\"ti-google\"><\/i><\/a><\/li><li><a class=\"em\" href=\"mailto:admin@kanthemes.com\"><i class=\"ti-email\"><\/i><\/a><\/li><\/ul><\/div><\/div><\/div><\/div><\/div>\n<div id=\"sp_author-box\" class=\"author_shortcode_sp sp_block border-all sp_block--1881 sp_block--2\">\n\t<div class=\"sp_block-content\"><div class=\"sp_author-box\"><div class=\"sp_author-box-avatar\"><img alt='' src='https:\/\/secure.gravatar.com\/avatar\/?s=90&#038;d=mm&#038;r=g' srcset='https:\/\/secure.gravatar.com\/avatar\/?s=180&#038;d=mm&#038;r=g 2x' class='avatar avatar-90 photo avatar-default' height='90' width='90' \/><\/div><div class=\"sp_author-box-content\"><h3 class=\"name\"><a href=\"https:\/\/www.kanthemes.com\">John Doe<\/a><\/h3><div class=\"bio\"><p>Series A financing niche market backing gen-z vesting period founders..<\/p><ul class=\"sp_author__social\"><li><a class=\"bg-facebook\" href=\"#\"><i class=\"ti-facebook\"><\/i><\/a><\/li><\/li><li><a class=\"bg-twitter\" href=\"#\"><i class=\"ti-twitter-alt\"><\/i><\/a><\/li><li><a class=\"bg-instagram\" href=\"#\"><i class=\"ti-instagram\"><\/i><\/a><\/li><li><a class=\"bg-google\" href=\"#\"><i class=\"ti-google\"><\/i><\/a><\/li><li><a class=\"em\" href=\"mailto:admin@kanthemes.com\"><i class=\"ti-email\"><\/i><\/a><\/li><\/ul><\/div><\/div><\/div><\/div><\/div>\n<div id=\"sp_author-box\" class=\"author_shortcode_sp sp_block border-all sp_block--1881 sp_block--2\">\n\t<div class=\"sp_block-content\"><div class=\"sp_author-box\"><div class=\"sp_author-box-avatar\"><img alt='' src='https:\/\/secure.gravatar.com\/avatar\/?s=90&#038;d=mm&#038;r=g' srcset='https:\/\/secure.gravatar.com\/avatar\/?s=180&#038;d=mm&#038;r=g 2x' class='avatar avatar-90 photo avatar-default' height='90' width='90' \/><\/div><div class=\"sp_author-box-content\"><h3 class=\"name\"><a href=\"https:\/\/www.kanthemes.com\">John Doe<\/a><\/h3><div class=\"bio\"><p>Series A financing niche market backing gen-z vesting period founders..<\/p><ul class=\"sp_author__social\"><li><a class=\"bg-facebook\" href=\"#\"><i class=\"ti-facebook\"><\/i><\/a><\/li><\/li><li><a class=\"bg-twitter\" href=\"#\"><i class=\"ti-twitter-alt\"><\/i><\/a><\/li><li><a class=\"bg-instagram\" href=\"#\"><i class=\"ti-instagram\"><\/i><\/a><\/li><li><a class=\"bg-google\" href=\"#\"><i class=\"ti-google\"><\/i><\/a><\/li><li><a class=\"em\" href=\"mailto:admin@kanthemes.com\"><i class=\"ti-email\"><\/i><\/a><\/li><\/ul><\/div><\/div><\/div><\/div><\/div>\n","protected":false},"excerpt":{"rendered":"<p>\u00dcnvan\u0131 Kan Themes \u0130leti\u015fim 1362 Timber Oak Drive &#8211; Riverside CA\u00a0 California &#8211; 92507 805-917-6613 Yazarlar\u0131m\u0131z<\/p>\n","protected":false},"author":1,"featured_media":0,"parent":0,"menu_order":0,"comment_status":"closed","ping_status":"closed","template":"","meta":{"footnotes":""},"class_list":["post-718","page","type-page","status-publish"],"amp_enabled":true,"_links":{"self":[{"href":"https:\/\/demo.kanthemes.com\/spixer\/wp-json\/wp\/v2\/pages\/718"}],"collection":[{"href":"https:\/\/demo.kanthemes.com\/spixer\/wp-json\/wp\/v2\/pages"}],"about":[{"href":"https:\/\/demo.kanthemes.com\/spixer\/wp-json\/wp\/v2\/types\/page"}],"author":[{"embeddable":true,"href":"https:\/\/demo.kanthemes.com\/spixer\/wp-json\/wp\/v2\/users\/1"}],"replies":[{"embeddable":true,"href":"https:\/\/demo.kanthemes.com\/spixer\/wp-json\/wp\/v2\/comments?post=718"}],"version-history":[{"count":1,"href":"https:\/\/demo.kanthemes.com\/spixer\/wp-json\/wp\/v2\/pages\/718\/revisions"}],"predecessor-version":[{"id":1051,"href":"https:\/\/demo.kanthemes.com\/spixer\/wp-json\/wp\/v2\/pages\/718\/revisions\/1051"}],"wp:attachment":[{"href":"https:\/\/demo.kanthemes.com\/spixer\/wp-json\/wp\/v2\/media?parent=718"}],"curies":[{"name":"wp","href":"https:\/\/api.w.org\/{rel}","templated":true}]}}