{"id":309,"date":"2017-10-16T09:58:08","date_gmt":"2017-10-16T09:58:08","guid":{"rendered":"http:\/\/www.demo.cagriuckan.com\/?page_id=309"},"modified":"2019-04-08T22:59:54","modified_gmt":"2019-04-08T22:59:54","slug":"shortcodes","status":"publish","type":"page","link":"https:\/\/demo.kanthemes.com\/spixer\/shortcodes\/","title":{"rendered":"K\u0131sakodlar"},"content":{"rendered":"<h3>Butonlar<\/h3>\n<a href=\"#\"   class=\"btn btn-primary btn-xs\" role=\"button\">xSmall<\/a>\n<a href=\"#\"   class=\"btn btn-success btn-xs\" role=\"button\">xSmall<\/a>\n<a href=\"#\"   class=\"btn btn-info btn-xs\" role=\"button\">xSmall<\/a>\n<a href=\"#\"   class=\"btn btn-warning btn-xs\" role=\"button\">xSmall<\/a>\n<a href=\"#\"   disabled=\"disabled\" class=\"btn btn-danger btn-xs\" role=\"button\">Disabled<\/a>\n<hr \/>\n<a href=\"#\"   class=\"btn btn-primary btn-sm\" role=\"button\">Small<\/a>\n<a href=\"#\"   class=\"btn btn-success btn-sm\" role=\"button\">Small<\/a>\n<a href=\"#\"   class=\"btn btn-info btn-sm\" role=\"button\">Small<\/a>\n<a href=\"#\"   class=\"btn btn-warning btn-sm\" role=\"button\">Small<\/a>\n<a href=\"#\"   disabled=\"disabled\" class=\"btn btn-danger btn-sm\" role=\"button\">Disabled<\/a>\n<hr \/>\n<a href=\"#\"   class=\"btn btn-primary btn-default\" role=\"button\">Normal<\/a>\n<a href=\"#\"   class=\"btn btn-success btn-default\" role=\"button\">Normal<\/a>\n<a href=\"#\"   class=\"btn btn-info btn-default\" role=\"button\">Normal<\/a>\n<a href=\"#\"   class=\"btn btn-warning btn-default\" role=\"button\">Normal<\/a>\n<a href=\"#\"   class=\"btn btn-danger btn-default\" role=\"button\">Normal<\/a>\n<hr \/>\n<a href=\"#\"   class=\"btn btn-primary btn-lg\" role=\"button\">Large<\/a>\n<a href=\"#\"   class=\"btn btn-success btn-lg\" role=\"button\">Large<\/a>\n<a href=\"#\"   class=\"btn btn-info btn-lg\" role=\"button\">Large<\/a>\n<a href=\"#\"   class=\"btn btn-warning btn-lg\" role=\"button\">Large<\/a>\n<a href=\"#\"   class=\"btn btn-danger btn-lg\" role=\"button\">Large<\/a>\n<hr \/>\n<a href=\"#\"   class=\"btn btn-primary btn-block\" role=\"button\">Block Button<\/a>\n<a href=\"#\"   class=\"btn btn-success btn-block\" role=\"button\">Block Button<\/a>\n<a href=\"#\"   class=\"btn btn-info btn-block\" role=\"button\">Block Button<\/a>\n<a href=\"#\"   class=\"btn btn-warning btn-block\" role=\"button\">Block Button<\/a>\n<a href=\"#\"   class=\"btn btn-danger btn-block\" role=\"button\">Block Button<\/a>\n<hr \/>\n<h3>Galeri<\/h3>\n<div id=\"sp_shortcode_gallery\" class=\"owl-carousel slider_0532\"><div class=\"sp_shortcode_gallery\"><img loading=\"lazy\" decoding=\"async\" class=\"alignnone size-full wp-image-708\" src=\"https:\/\/demo.kanthemes.com\/spixer\/wp-content\/uploads\/2017\/12\/samuel-zeller-158996.jpg\" alt=\"\" width=\"850\" height=\"600\" srcset=\"https:\/\/demo.kanthemes.com\/spixer\/wp-content\/uploads\/2017\/12\/samuel-zeller-158996.jpg 850w, https:\/\/demo.kanthemes.com\/spixer\/wp-content\/uploads\/2017\/12\/samuel-zeller-158996-300x212.jpg 300w, https:\/\/demo.kanthemes.com\/spixer\/wp-content\/uploads\/2017\/12\/samuel-zeller-158996-768x542.jpg 768w\" sizes=\"(max-width: 850px) 100vw, 850px\" \/><\/p>\n<h3><span class=\"sp_dropcap sp_dropcap-circle\">1<\/span> Galeri Ba\u015fl\u0131\u011f\u0131 Girildi<\/h3>\n<p>Lorem ipsum dolor sit amet, consectetur adipiscing elit. Nullam odio sapien, sollicitudin vel volutpat eget,<strong>\u00a0faucibus at neque<\/strong>. Vestibulum ante ipsum primis in faucibus orci luctus et ultrices posuere cubilia Curae; Morbi vel eros odio. Phasellus metus ligula, tempus non tempor at, pellentesque ac dolor. Sed auctor diam sit amet nibh laoreet gravida.<\/div><div class=\"sp_shortcode_gallery\"><img loading=\"lazy\" decoding=\"async\" class=\"alignnone size-large wp-image-740\" src=\"https:\/\/demo.kanthemes.com\/spixer\/wp-content\/uploads\/2017\/12\/surf-1024x682.jpg\" alt=\"\" width=\"805\" height=\"536\" srcset=\"https:\/\/demo.kanthemes.com\/spixer\/wp-content\/uploads\/2017\/12\/surf-1024x682.jpg 1024w, https:\/\/demo.kanthemes.com\/spixer\/wp-content\/uploads\/2017\/12\/surf-300x200.jpg 300w, https:\/\/demo.kanthemes.com\/spixer\/wp-content\/uploads\/2017\/12\/surf-768x512.jpg 768w, https:\/\/demo.kanthemes.com\/spixer\/wp-content\/uploads\/2017\/12\/surf-1536x1024.jpg 1536w, https:\/\/demo.kanthemes.com\/spixer\/wp-content\/uploads\/2017\/12\/surf.jpg 2000w\" sizes=\"(max-width: 805px) 100vw, 805px\" \/><\/p>\n<h3><span class=\"sp_dropcap sp_dropcap-circle\">2<\/span> Galeri Ba\u015fl\u0131\u011f\u0131 Girildi<\/h3>\n<p>Until recently, the prevailing view assumed\u00a0<em>lorem ipsum<\/em>\u00a0was born as a nonsense text. \u201cIt&#8217;s not Latin, though it looks like it, and it actually says nothing,\u201d\u00a0<em>Before &amp; After<\/em>\u00a0magazine\u00a0answered a curious reader, \u201cIts \u2018words\u2019 loosely approximate the frequency with which letters occur in English, which is why at a glance it looks pretty real.\u201d<\/div><div class=\"sp_shortcode_gallery\"><img loading=\"lazy\" decoding=\"async\" class=\"alignnone size-large wp-image-738\" src=\"https:\/\/demo.kanthemes.com\/spixer\/wp-content\/uploads\/2017\/12\/11-1024x683.jpg\" alt=\"\" width=\"805\" height=\"537\" srcset=\"https:\/\/demo.kanthemes.com\/spixer\/wp-content\/uploads\/2017\/12\/11-1024x683.jpg 1024w, https:\/\/demo.kanthemes.com\/spixer\/wp-content\/uploads\/2017\/12\/11-300x200.jpg 300w, https:\/\/demo.kanthemes.com\/spixer\/wp-content\/uploads\/2017\/12\/11-768x512.jpg 768w, https:\/\/demo.kanthemes.com\/spixer\/wp-content\/uploads\/2017\/12\/11-1536x1024.jpg 1536w, https:\/\/demo.kanthemes.com\/spixer\/wp-content\/uploads\/2017\/12\/11.jpg 1920w\" sizes=\"(max-width: 805px) 100vw, 805px\" \/><\/p>\n<h3><span class=\"sp_dropcap sp_dropcap-circle\">3<\/span> Galeri Ba\u015fl\u0131\u011f\u0131 Girildi<\/h3>\n<p>Lorem ipsum dolor sit amet, consectetur adipiscing elit. Nullam odio sapien, sollicitudin vel volutpat eget,<strong>\u00a0faucibus at neque<\/strong>. Vestibulum ante ipsum primis in faucibus orci luctus et ultrices posuere cubilia Curae; Morbi vel eros odio. Phasellus metus ligula, tempus non tempor at, pellentesque ac dolor. Sed auctor diam sit amet nibh laoreet gravida. Etiam sit amet fringilla justo. Lorem ipsum dolor sit amet, consectetur adipiscing elit. Pellentesque pretium, elit vulputate euismod semper, lectus dui commodo eros, vitae sollicitudin diam ligula vitae magna. Sed aliquam rhoncus leo vitae lacinia. Phasellus facilisis odio ac mauris fringilla non aliquam est suscipit. Suspendisse eget eros id tortor sagittis suscipit vitae non dolor. Pellentesque habitant morbi tristique senectus et netus et malesuada fames ac turpis egestas. Lorem ipsum dolor sit amet, consectetur adipiscing elit. Morbi pellentesque ornare enim, et feugiat magna accumsan quis.<\/div><div class=\"sp_shortcode_gallery\"><img loading=\"lazy\" decoding=\"async\" class=\"alignnone size-large wp-image-728\" src=\"https:\/\/demo.kanthemes.com\/spixer\/wp-content\/uploads\/2018\/05\/Mediterranean-image-1024x683.jpg\" alt=\"\" width=\"805\" height=\"537\" srcset=\"https:\/\/demo.kanthemes.com\/spixer\/wp-content\/uploads\/2018\/05\/Mediterranean-image-1024x683.jpg 1024w, https:\/\/demo.kanthemes.com\/spixer\/wp-content\/uploads\/2018\/05\/Mediterranean-image-300x200.jpg 300w, https:\/\/demo.kanthemes.com\/spixer\/wp-content\/uploads\/2018\/05\/Mediterranean-image-768x512.jpg 768w\" sizes=\"(max-width: 805px) 100vw, 805px\" \/><\/p>\n<h3><span class=\"sp_dropcap sp_dropcap-circle\">4<\/span> Galeri Ba\u015fl\u0131\u011f\u0131 Girildi<\/h3>\n<p>Until recently, the prevailing view assumed\u00a0<em>lorem ipsum<\/em>\u00a0was born as a nonsense text. \u201cIt&#8217;s not Latin, though it looks like it, and it actually says nothing,\u201d\u00a0<em>Before &amp; After<\/em>\u00a0magazine\u00a0answered a curious reader, \u201cIts \u2018words\u2019 loosely approximate the frequency with which letters occur in English, which is why at a glance it looks pretty real.\u201d<\/div><div class=\"sp_shortcode_gallery\"><img loading=\"lazy\" decoding=\"async\" class=\"alignnone size-large wp-image-703\" src=\"https:\/\/demo.kanthemes.com\/spixer\/wp-content\/uploads\/2017\/12\/pexels-photo-691668-1024x682.jpeg\" alt=\"\" width=\"805\" height=\"536\" srcset=\"https:\/\/demo.kanthemes.com\/spixer\/wp-content\/uploads\/2017\/12\/pexels-photo-691668-1024x682.jpeg 1024w, https:\/\/demo.kanthemes.com\/spixer\/wp-content\/uploads\/2017\/12\/pexels-photo-691668-300x200.jpeg 300w, https:\/\/demo.kanthemes.com\/spixer\/wp-content\/uploads\/2017\/12\/pexels-photo-691668-768x512.jpeg 768w, https:\/\/demo.kanthemes.com\/spixer\/wp-content\/uploads\/2017\/12\/pexels-photo-691668-1536x1024.jpeg 1536w, https:\/\/demo.kanthemes.com\/spixer\/wp-content\/uploads\/2017\/12\/pexels-photo-691668.jpeg 1880w\" sizes=\"(max-width: 805px) 100vw, 805px\" \/><\/p>\n<h3><span class=\"sp_dropcap sp_dropcap-circle\">5<\/span> Galeri Ba\u015fl\u0131\u011f\u0131 Girildi<\/h3>\n<p>Lorem ipsum dolor sit amet, consectetur adipiscing elit. Nullam odio sapien, sollicitudin vel volutpat eget,<strong>\u00a0faucibus at neque<\/strong>. Vestibulum ante ipsum primis in faucibus orci luctus et ultrices posuere cubilia Curae; Morbi vel eros odio. Phasellus metus ligula, tempus non tempor at, pellentesque ac dolor. Sed auctor diam sit amet nibh laoreet gravida. Etiam sit amet fringilla justo. Lorem ipsum dolor sit amet, consectetur adipiscing elit. Pellentesque pretium, elit vulputate euismod semper, lectus dui commodo eros, vitae sollicitudin diam ligula vitae magna. Sed aliquam rhoncus leo vitae lacinia. Phasellus facilisis odio ac mauris fringilla non aliquam est suscipit. Suspendisse eget eros id tortor sagittis suscipit vitae non dolor. Pellentesque habitant morbi tristique senectus et netus et malesuada fames ac turpis egestas. Lorem ipsum dolor sit amet, consectetur adipiscing elit. Morbi pellentesque ornare enim, et feugiat magna accumsan quis.<\/div><\/div>\n<hr \/>\n<h3>Liste &#8211; Ba\u015far\u0131l\u0131<\/h3>\n<ul class=\"sp_list list_successfull\" ><br \/>\n<li>Seo Optimization<\/li><br \/>\n<li>Responsive Design<\/li><br \/>\n<li>Powerfull Theme Options<\/li><br \/>\n<\/ul>\n<hr \/>\n<h3>Liste &#8211; Ba\u015far\u0131s\u0131z<\/h3>\n<ul class=\"sp_list list_unsuccessfull\" ><br \/>\n<li>Seo Optimization<\/li><br \/>\n<li>Responsive Design<\/li><br \/>\n<li>Powerfull Theme Options<\/li><br \/>\n<\/ul>\n<hr \/>\n<h3>Kutular<\/h3>\n<div role=\"alert\" class=\"alert alert-success\"><button type=\"button\" class=\"close\" data-dismiss=\"alert\" aria-label=\"Close\"><span aria-hidden=\"true\">&times;<\/span><\/button><p>Business plan non-disclosure agreement venture validation long tail launch party interaction design stock ramen. Influencer customer conversion learning curve rockstar user experience series A financing value proposition monetization long tail niche market return on investment holy grail. Traction strategy startup long tail infrastructure freemium release analytics holy grail ownership lean startup.<\/p><\/div>\n<div role=\"alert\" class=\"alert alert-info\"><button type=\"button\" class=\"close\" data-dismiss=\"alert\" aria-label=\"Close\"><span aria-hidden=\"true\">&times;<\/span><\/button><p>Business plan non-disclosure agreement venture validation long tail launch party interaction design stock ramen. Influencer customer conversion learning curve rockstar user experience series A financing value proposition monetization long tail niche market return on investment holy grail. Traction strategy startup long tail infrastructure freemium release analytics holy grail ownership lean startup.<\/p><\/div>\n<div role=\"alert\" class=\"alert alert-danger\"><button type=\"button\" class=\"close\" data-dismiss=\"alert\" aria-label=\"Close\"><span aria-hidden=\"true\">&times;<\/span><\/button><p>Business plan non-disclosure agreement venture validation long tail launch party interaction design stock ramen. Influencer customer conversion learning curve rockstar user experience series A financing value proposition monetization long tail niche market return on investment holy grail. Traction strategy startup long tail infrastructure freemium release analytics holy grail ownership lean startup.<\/p><\/div>\n<div role=\"alert\" class=\"alert alert-warning\"><button type=\"button\" class=\"close\" data-dismiss=\"alert\" aria-label=\"Close\"><span aria-hidden=\"true\">&times;<\/span><\/button><p>Business plan non-disclosure agreement venture validation long tail launch party interaction design stock ramen. Influencer customer conversion learning curve rockstar user experience series A financing value proposition monetization long tail niche market return on investment holy grail. Traction strategy startup long tail infrastructure freemium release analytics holy grail ownership lean startup.<\/p><\/div>\n<hr \/>\n<h3>Spoiler<\/h3>\n<p><span class=\"sp_spoiler_sc\">Spixer Theme<\/span> IPad success network effects growth hacking entrepreneur startup long tail channels termsheet advisor. Holy grail sales ownership. Traction MVP business model canvas iteration network effects metrics iPhone.<\/p>\n<hr \/>\n<h3>\u0130lerleme \u00c7ubu\u011fu<\/h3>\n<div class=\"progress\"><div class=\"progress-bar progress-bar-success\" role=\"progressbar\" aria-valuenow=\"0\" aria-valuemin=\"0\" aria-valuemax=\"100\" style=\"min-width: 2em; width: 70%\"\"> <span class=\"skill\">Spirit <i class=\"val\">70%<\/i><\/span><\/div><\/div>\n<div class=\"progress\"><div class=\"progress-bar progress-bar-info\" role=\"progressbar\" aria-valuenow=\"0\" aria-valuemin=\"0\" aria-valuemax=\"100\" style=\"min-width: 2em; width: 80%\"\"> <span class=\"skill\">Spirit <i class=\"val\">80%<\/i><\/span><\/div><\/div>\n<div class=\"progress\"><div class=\"progress-bar progress-bar-danger\" role=\"progressbar\" aria-valuenow=\"0\" aria-valuemin=\"0\" aria-valuemax=\"100\" style=\"min-width: 2em; width: 90%\"\"> <span class=\"skill\">Spirit <i class=\"val\">90%<\/i><\/span><\/div><\/div>\n<div class=\"progress\"><div class=\"progress-bar progress-bar-warning\" role=\"progressbar\" aria-valuenow=\"0\" aria-valuemin=\"0\" aria-valuemax=\"100\" style=\"min-width: 2em; width: 100%\"\"> <span class=\"skill\">Spirit <i class=\"val\">100%<\/i><\/span><\/div><\/div>\n<hr \/>\n<h3>Tab Men\u00fcler<\/h3>\n\n<div class=\"tab-shortcode\"><ul id=\"shortcode-tabs\" class=\"sp_nav-tabs\" data-tabs=\"tabs\"><li role=\"presentation\"  class=\"active text-spixer\"><a data-toggle=\"tab\" href=\"#tab-1-1\">Title 1<\/a><\/li>\n<li role=\"presentation\"  class=\" text-spixer\"><a data-toggle=\"tab\" href=\"#tab-1-2\">Title 2<\/a><\/li>\n<li role=\"presentation\"  class=\" text-spixer\"><a data-toggle=\"tab\" href=\"#tab-1-3\">Title 3<\/a><\/li><\/ul>\n<div id=\"sp-tab-content\" class=\"sp_tab-content\"><div id=\"tab-1-1\" class=\"sp_tab-pane active\"> IPad success network effects growth hacking entrepreneur startup long tail channels termsheet advisor. Holy grail sales ownership. Traction MVP business model canvas iteration network effects metrics iPhone. <\/div>\n<div id=\"tab-1-2\" class=\"sp_tab-pane \"> IPad success network effects growth hacking entrepreneur startup long tail channels termsheet advisor. Holy grail sales ownership. Traction MVP business model canvas iteration network effects metrics iPhone.<\/p>\n<p>IPad success network effects growth hacking entrepreneur startup long tail channels termsheet advisor. Holy grail sales ownership. Traction MVP business model canvas iteration network effects metrics iPhone. <\/div>\n<div id=\"tab-1-3\" class=\"sp_tab-pane \"> IPad success network effects growth hacking entrepreneur startup long tail channels termsheet advisor. Holy grail sales ownership. Traction MVP business model canvas iteration network effects metrics iPhone. <\/div><\/div><\/div>\n\n<hr \/>\n<h3>Vurgulanm\u0131\u015f Yaz\u0131<\/h3>\n<p>IPad success network effects growth hacking <span class=\"label-shortcode label label-default\">entrepreneur <\/span>\u00a0startup long tail channels termsheet advisor. Holy grail sales ownership. Traction MVP business model canvas iteration network effects metrics iPhone. Founders ecosystem social media. Mass market channels prototype social proof freemium metrics assets supply chain focus advisor alpha. <span class=\"label-shortcode label label-primary\">Ownership <\/span>\u00a0non-disclosure agreement return on investment success first mover advantage crowdfunding monetization backing buyer. Partner network MVP pivot. Accelerator crowdsource disruptive traction. <span class=\"label-shortcode label label-success\">Bootstrapping <\/span>\u00a0deployment iPhone interaction design entrepreneur learning curve. Interaction design hackathon responsive web design client marketing ecosystem assets traction social proof virality.<\/p>\n<p>Niche market <span class=\"label-shortcode label label-info\">infrastructure <\/span>\u00a0product management influencer sales agile development low hanging fruit MVP learning curve bootstrapping series A financing. Investor backing seed round success. Deployment branding venture release. Analytics facebook creative metrics technology market. Leverage conversion equity startup backing network effects first mover advantage success angel investor growth hacking analytics deployment. Product management facebook success channels lean startup non-disclosure agreement iPhone stealth conversion influencer.<\/p>\n<p>Ramen <span class=\"label-shortcode label label-danger\">deployment <\/span>\u00a0startup direct mailing backing launch party infographic business model canvas early adopters disruptive. Disruptive prototype incubator growth hacking entrepreneur gamification user experience metrics partnership buzz learning curve termsheet. Release business plan learning curve ecosystem beta first mover advantage scrum project sales prototype. <span class=\"label-shortcode label label-warning\">Conversion <\/span>\u00a0disruptive pivot graphical user interface buyer first mover advantage business-to-business user experience pitch.<\/p>\n<hr \/>\n<h3>Dropcap<\/h3>\n<p><span class=\"sp_dropcap sp_dropcap-letter\">A<\/span>Pad success network effects growth hacking entrepreneur startup long tail channels termsheet advisor. Holy grail sales ownership. Traction MVP business model canvas iteration network effects metrics iPhone. Founders ecosystem social media. Mass market channels prototype social proof freemium metrics assets supply chain focus advisor alpha. Ownership non-disclosure agreement return on investment success first mover advantage crowdfunding monetization backing buyer.<\/p>\n<p><span class=\"sp_dropcap sp_dropcap-circle\">P<\/span>artner network MVP pivot. Accelerator crowdsource disruptive traction. Bootstrapping deployment iPhone interaction design entrepreneur learning curve. Interaction design hackathon responsive web design client marketing ecosystem assets traction social proof virality. Niche market infrastructure product management influencer sales agile development low hanging fruit MVP learning curve bootstrapping series A financing. Investor backing seed round success. Deployment branding venture release. Analytics facebook creative metrics technology market.<\/p>\n<hr \/>\n<h3>Google Harita<\/h3>\n<p><iframe loading=\"lazy\" class=\"googlemap\" width=\"100%\" height=\"280\" src=\"https:\/\/www.google.com\/maps\/embed?pb=!1m18!1m12!1m3!1d3059.730182608342!2d32.83475521500595!3d39.92505397942527!2m3!1f0!2f0!3f0!3m2!1i1024!2i768!4f13.1!3m3!1m2!1s0x14d34f190a9cea8f%3A0xd3862ea8248d08a0!2sAn%C4%B1tkabir!5e0!3m2!1str!2str!4v1509093669383&output=embed\" frameborder=\"0\" style=\"border:0\" allowfullscreen><\/iframe><\/p>\n<hr \/>\n<h3>Reklam<\/h3>\n<div class=\"sp_banner under_header\"><div id=\"demo_r_ekla_m\" style=\"background: #f5f5f5;border-radius: 2px;text-align:center;width:100%;color:#666;line-height:92px;height:92px;\">Reklam Alan\u0131<\/div><\/div>\n<hr \/>\n<h3>\u0130lgili Yaz\u0131<\/h3>\n<div class=\"sp_shortcode-related-article sp_block--3 sp_block border-all light-mode\"><ul class=\"sp_block-post-container\"><li class=\"sp_block-post\"><a class=\"sp--url\" href=\"https:\/\/demo.kanthemes.com\/spixer\/2017\/12\/07\/agriculture-secretary-thomas-j-vilsacks-10-awesome-parenting-tips\/\"><\/a><div class=\"sp_post-thumb\"><img loading=\"lazy\" decoding=\"async\" height=\"90\" width=\"120\" src=\"https:\/\/demo.kanthemes.com\/spixer\/wp-content\/uploads\/2017\/10\/project18-120x90.jpg\" \/><\/div><div class=\"sp_post-content\"><h3 class=\"headline\">Agriculture Secretary Thomas J. Vilsack&#8217;s 10 Awesome Parenting Tips<\/h3><div class=\"sp_post-meta\"><ul><li class=\"post-date\"><i class=\"ti-time\"><\/i> Aral\u0131k 7, 2017<\/li><\/ul><\/div><\/div><\/ul><\/div>\n<div class=\"sp_shortcode-related-article sp_block--3 sp_block border-all sp_block-dark\"><ul class=\"sp_block-post-container\"><li class=\"sp_block-post\"><a class=\"sp--url\" href=\"https:\/\/demo.kanthemes.com\/spixer\/2017\/12\/07\/agriculture-secretary-thomas-j-vilsacks-10-awesome-parenting-tips\/\"><\/a><div class=\"sp_post-thumb\"><img loading=\"lazy\" decoding=\"async\" height=\"90\" width=\"120\" src=\"https:\/\/demo.kanthemes.com\/spixer\/wp-content\/uploads\/2017\/10\/project18-120x90.jpg\" \/><\/div><div class=\"sp_post-content\"><h3 class=\"headline\">Agriculture Secretary Thomas J. Vilsack&#8217;s 10 Awesome Parenting Tips<\/h3><div class=\"sp_post-meta\"><ul><li class=\"post-date\"><i class=\"ti-time\"><\/i> Aral\u0131k 7, 2017<\/li><\/ul><\/div><\/div><\/ul><\/div>\n<hr \/>\n<h3>Yemek Tarifi<\/h3>\n<div id=\"printDiv\" class=\"sp_recipe_shortcode\" itemscope itemtype=\"http:\/\/schema.org\/Recipe\">\n\t<link itemprop=\"image\" alt=\"recipe\" href=\"https:\/\/demo.kanthemes.com\/spixer\/wp-content\/uploads\/2017\/10\/project18.jpg\" \/>\n\t<meta itemprop=\"datePublished\" content=\"12-07-2017\">\n\t<meta itemprop=\"author\" content=\"John Doe\">\n\t<div class=\"recipe_header\">\n\t\t<i class=\"ti-receipt\"><\/i>\n\t\t<div class=\"sp-print\"><i class=\"ti-printer\"><\/i> Bunu Yazd\u0131r<\/div>\n\t\t<h2 class=\"recipe_title\" itemprop=\"name\">Yemek Tarifi<\/h2>\n\t\t<div class=\"recipe_meta\"><span><i class=\"ti-plus\"><\/i> Ka\u00e7 Ki\u015filik: <span itemprop=\"recipeYield\">20<\/span><\/span><span><i class=\"ti-time\"><\/i> Pi\u015firme S\u00fcresi <span>25 dakika<\/span><\/span><span><i class=\"ti-time\"><\/i> Haz\u0131rl\u0131k: <span>1 saat<\/span><\/span><\/div>\n\t<\/div>\n\t\n\t<\/p>\n<div class=\"recipe_ingredients\">\n<h3>Malzemeler<\/h3>\n<ol>\n<li>Malzeme i\u00e7eri\u011fi<\/li>\n<\/ol>\n<\/div>\n<div class=\"recipe_notes\">\n<h3>Notlar<\/h3>\n<p>Notunuz varsa buraya..<\/p>\n<\/div>\n<p>\n\t<\/div>\n","protected":false},"excerpt":{"rendered":"<p>Butonlar Galeri Liste &#8211; Ba\u015far\u0131l\u0131 Liste &#8211; Ba\u015far\u0131s\u0131z Kutular Spoiler IPad success network effects growth hacking entrepreneur startup long tail channels termsheet advisor. Holy grail&#46;&#46;&#46;<\/p>\n","protected":false},"author":1,"featured_media":0,"parent":0,"menu_order":0,"comment_status":"closed","ping_status":"closed","template":"","meta":{"footnotes":""},"class_list":["post-309","page","type-page","status-publish"],"amp_enabled":true,"_links":{"self":[{"href":"https:\/\/demo.kanthemes.com\/spixer\/wp-json\/wp\/v2\/pages\/309"}],"collection":[{"href":"https:\/\/demo.kanthemes.com\/spixer\/wp-json\/wp\/v2\/pages"}],"about":[{"href":"https:\/\/demo.kanthemes.com\/spixer\/wp-json\/wp\/v2\/types\/page"}],"author":[{"embeddable":true,"href":"https:\/\/demo.kanthemes.com\/spixer\/wp-json\/wp\/v2\/users\/1"}],"replies":[{"embeddable":true,"href":"https:\/\/demo.kanthemes.com\/spixer\/wp-json\/wp\/v2\/comments?post=309"}],"version-history":[{"count":1,"href":"https:\/\/demo.kanthemes.com\/spixer\/wp-json\/wp\/v2\/pages\/309\/revisions"}],"predecessor-version":[{"id":1088,"href":"https:\/\/demo.kanthemes.com\/spixer\/wp-json\/wp\/v2\/pages\/309\/revisions\/1088"}],"wp:attachment":[{"href":"https:\/\/demo.kanthemes.com\/spixer\/wp-json\/wp\/v2\/media?parent=309"}],"curies":[{"name":"wp","href":"https:\/\/api.w.org\/{rel}","templated":true}]}}