{"id":65,"date":"2018-09-21T10:03:11","date_gmt":"2018-09-21T10:03:11","guid":{"rendered":"http:\/\/www.kanthemes.com\/wp_themes\/spixer\/tatil\/?page_id=65"},"modified":"2018-09-21T10:04:04","modified_gmt":"2018-09-21T10:04:04","slug":"s-s-s","status":"publish","type":"page","link":"https:\/\/demo.kanthemes.com\/spixer\/seyehat\/s-s-s\/","title":{"rendered":"S.S.S"},"content":{"rendered":"<h3>John Doe Kimdir?<\/h3>\n<p><strong>Lorem Ipsum<\/strong>, dizgi ve bask\u0131 end\u00fcstrisinde kullan\u0131lan m\u0131g\u0131r metinlerdir. Lorem Ipsum, ad\u0131 bilinmeyen bir matbaac\u0131n\u0131n bir hurufat numune kitab\u0131 olu\u015fturmak \u00fczere bir yaz\u0131 galerisini alarak kar\u0131\u015ft\u0131rd\u0131\u011f\u0131 1500&#8217;lerden beri end\u00fcstri standard\u0131 sahte metinler olarak kullan\u0131lm\u0131\u015ft\u0131r. Be\u015fy\u00fcz y\u0131l boyunca varl\u0131\u011f\u0131n\u0131 s\u00fcrd\u00fcrmekle kalmam\u0131\u015f, ayn\u0131 zamanda pek de\u011fi\u015fmeden elektronik dizgiye de s\u0131\u00e7ram\u0131\u015ft\u0131r. 1960&#8217;larda Lorem Ipsum pasajlar\u0131 da i\u00e7eren Letraset yapraklar\u0131n\u0131n yay\u0131nlanmas\u0131 ile ve yak\u0131n zamanda Aldus PageMaker gibi Lorem Ipsum s\u00fcr\u00fcmleri i\u00e7eren masa\u00fcst\u00fc yay\u0131nc\u0131l\u0131k yaz\u0131l\u0131mlar\u0131 ile pop\u00fcler olmu\u015ftur.<\/p>\n<h3>Nereleri ve Ka\u00e7 \u00dclkeyi Gezdim?<\/h3>\n<p><strong>Lorem Ipsum<\/strong>, dizgi ve bask\u0131 end\u00fcstrisinde kullan\u0131lan m\u0131g\u0131r metinlerdir. Lorem Ipsum, ad\u0131 bilinmeyen bir matbaac\u0131n\u0131n bir hurufat numune kitab\u0131 olu\u015fturmak \u00fczere bir yaz\u0131 galerisini alarak kar\u0131\u015ft\u0131rd\u0131\u011f\u0131 1500&#8217;lerden beri end\u00fcstri standard\u0131 sahte metinler olarak kullan\u0131lm\u0131\u015ft\u0131r. Be\u015fy\u00fcz y\u0131l boyunca varl\u0131\u011f\u0131n\u0131 s\u00fcrd\u00fcrmekle kalmam\u0131\u015f, ayn\u0131 zamanda pek de\u011fi\u015fmeden elektronik dizgiye de s\u0131\u00e7ram\u0131\u015ft\u0131r. 1960&#8217;larda Lorem Ipsum pasajlar\u0131 da i\u00e7eren Letraset yapraklar\u0131n\u0131n yay\u0131nlanmas\u0131 ile ve yak\u0131n zamanda Aldus PageMaker gibi Lorem Ipsum s\u00fcr\u00fcmleri i\u00e7eren masa\u00fcst\u00fc yay\u0131nc\u0131l\u0131k yaz\u0131l\u0131mlar\u0131 ile pop\u00fcler olmu\u015ftur.<\/p>\n<h3>Bu Seyehatlari Hangi Parayla Yap\u0131yorum?<\/h3>\n<p><strong>Lorem Ipsum<\/strong>, dizgi ve bask\u0131 end\u00fcstrisinde kullan\u0131lan m\u0131g\u0131r metinlerdir. Lorem Ipsum, ad\u0131 bilinmeyen bir matbaac\u0131n\u0131n bir hurufat numune kitab\u0131 olu\u015fturmak \u00fczere bir yaz\u0131 galerisini alarak kar\u0131\u015ft\u0131rd\u0131\u011f\u0131 1500&#8217;lerden beri end\u00fcstri standard\u0131 sahte metinler olarak kullan\u0131lm\u0131\u015ft\u0131r. Be\u015fy\u00fcz y\u0131l boyunca varl\u0131\u011f\u0131n\u0131 s\u00fcrd\u00fcrmekle kalmam\u0131\u015f, ayn\u0131 zamanda pek de\u011fi\u015fmeden elektronik dizgiye de s\u0131\u00e7ram\u0131\u015ft\u0131r. 1960&#8217;larda Lorem Ipsum pasajlar\u0131 da i\u00e7eren Letraset yapraklar\u0131n\u0131n yay\u0131nlanmas\u0131 ile ve yak\u0131n zamanda Aldus PageMaker gibi Lorem Ipsum s\u00fcr\u00fcmleri i\u00e7eren masa\u00fcst\u00fc yay\u0131nc\u0131l\u0131k yaz\u0131l\u0131mlar\u0131 ile pop\u00fcler olmu\u015ftur.<\/p>\n<h3>Kulland\u0131\u011f\u0131n Ekipmanlar Neler?<\/h3>\n<p><strong>Lorem Ipsum<\/strong>, dizgi ve bask\u0131 end\u00fcstrisinde kullan\u0131lan m\u0131g\u0131r metinlerdir. Lorem Ipsum, ad\u0131 bilinmeyen bir matbaac\u0131n\u0131n bir hurufat numune kitab\u0131 olu\u015fturmak \u00fczere bir yaz\u0131 galerisini alarak kar\u0131\u015ft\u0131rd\u0131\u011f\u0131 1500&#8217;lerden beri end\u00fcstri standard\u0131 sahte metinler olarak kullan\u0131lm\u0131\u015ft\u0131r. Be\u015fy\u00fcz y\u0131l boyunca varl\u0131\u011f\u0131n\u0131 s\u00fcrd\u00fcrmekle kalmam\u0131\u015f, ayn\u0131 zamanda pek de\u011fi\u015fmeden elektronik dizgiye de s\u0131\u00e7ram\u0131\u015ft\u0131r. 1960&#8217;larda Lorem Ipsum pasajlar\u0131 da i\u00e7eren Letraset yapraklar\u0131n\u0131n yay\u0131nlanmas\u0131 ile ve yak\u0131n zamanda Aldus PageMaker gibi Lorem Ipsum s\u00fcr\u00fcmleri i\u00e7eren masa\u00fcst\u00fc yay\u0131nc\u0131l\u0131k yaz\u0131l\u0131mlar\u0131 ile pop\u00fcler olmu\u015ftur.<\/p>\n<h3>Gezerken Nerelerde Konakl\u0131yorsun?<\/h3>\n<p><strong>Lorem Ipsum<\/strong>, dizgi ve bask\u0131 end\u00fcstrisinde kullan\u0131lan m\u0131g\u0131r metinlerdir. Lorem Ipsum, ad\u0131 bilinmeyen bir matbaac\u0131n\u0131n bir hurufat numune kitab\u0131 olu\u015fturmak \u00fczere bir yaz\u0131 galerisini alarak kar\u0131\u015ft\u0131rd\u0131\u011f\u0131 1500&#8217;lerden beri end\u00fcstri standard\u0131 sahte metinler olarak kullan\u0131lm\u0131\u015ft\u0131r. Be\u015fy\u00fcz y\u0131l boyunca varl\u0131\u011f\u0131n\u0131 s\u00fcrd\u00fcrmekle kalmam\u0131\u015f, ayn\u0131 zamanda pek de\u011fi\u015fmeden elektronik dizgiye de s\u0131\u00e7ram\u0131\u015ft\u0131r. 1960&#8217;larda Lorem Ipsum pasajlar\u0131 da i\u00e7eren Letraset yapraklar\u0131n\u0131n yay\u0131nlanmas\u0131 ile ve yak\u0131n zamanda Aldus PageMaker gibi Lorem Ipsum s\u00fcr\u00fcmleri i\u00e7eren masa\u00fcst\u00fc yay\u0131nc\u0131l\u0131k yaz\u0131l\u0131mlar\u0131 ile pop\u00fcler olmu\u015ftur.<\/p>\n","protected":false},"excerpt":{"rendered":"<p>John Doe Kimdir? Lorem Ipsum, dizgi ve bask\u0131 end\u00fcstrisinde kullan\u0131lan m\u0131g\u0131r metinlerdir. Lorem Ipsum, ad\u0131 bilinmeyen bir matbaac\u0131n\u0131n bir hurufat&#46;&#46;&#46;<\/p>\n","protected":false},"author":1,"featured_media":0,"parent":0,"menu_order":0,"comment_status":"closed","ping_status":"closed","template":"temp\/template-full-width.php","meta":[],"_links":{"self":[{"href":"https:\/\/demo.kanthemes.com\/spixer\/seyehat\/wp-json\/wp\/v2\/pages\/65"}],"collection":[{"href":"https:\/\/demo.kanthemes.com\/spixer\/seyehat\/wp-json\/wp\/v2\/pages"}],"about":[{"href":"https:\/\/demo.kanthemes.com\/spixer\/seyehat\/wp-json\/wp\/v2\/types\/page"}],"author":[{"embeddable":true,"href":"https:\/\/demo.kanthemes.com\/spixer\/seyehat\/wp-json\/wp\/v2\/users\/1"}],"replies":[{"embeddable":true,"href":"https:\/\/demo.kanthemes.com\/spixer\/seyehat\/wp-json\/wp\/v2\/comments?post=65"}],"version-history":[{"count":0,"href":"https:\/\/demo.kanthemes.com\/spixer\/seyehat\/wp-json\/wp\/v2\/pages\/65\/revisions"}],"wp:attachment":[{"href":"https:\/\/demo.kanthemes.com\/spixer\/seyehat\/wp-json\/wp\/v2\/media?parent=65"}],"curies":[{"name":"wp","href":"https:\/\/api.w.org\/{rel}","templated":true}]}}