{"id":65,"date":"2018-05-25T11:28:48","date_gmt":"2018-05-25T11:28:48","guid":{"rendered":"http:\/\/www.kanthemes.com\/wp_themes\/spixer\/food\/?page_id=65"},"modified":"2018-11-18T20:22:23","modified_gmt":"2018-11-18T20:22:23","slug":"tarif-gonder","status":"publish","type":"page","link":"https:\/\/demo.kanthemes.com\/spixer\/food\/tarif-gonder\/","title":{"rendered":"Tarif G\u00f6nder"},"content":{"rendered":"<h3>Tarifini G\u00f6nder<\/h3>\n<p>Be\u011fendi\u011fin, yapmas\u0131ndan ho\u015fland\u0131\u011f\u0131n yemek tariflerini ziyaret\u00e7ilerimiz i\u00e7in payla\u015fmak isterseniz yapman\u0131z gereken tek \u015fey a\u015fa\u011f\u0131daki alanlar\u0131 doldurmak.<\/p>\n","protected":false},"excerpt":{"rendered":"<p>Tarifini G\u00f6nder Be\u011fendi\u011fin, yapmas\u0131ndan ho\u015fland\u0131\u011f\u0131n yemek tariflerini ziyaret\u00e7ilerimiz i\u00e7in payla\u015fmak isterseniz yapman\u0131z gereken tek \u015fey a\u015fa\u011f\u0131daki alanlar\u0131 doldurmak.<\/p>\n","protected":false},"author":1,"featured_media":0,"parent":0,"menu_order":0,"comment_status":"closed","ping_status":"closed","template":"temp\/post-submit.php","meta":{"footnotes":""},"class_list":["post-65","page","type-page","status-publish"],"_links":{"self":[{"href":"https:\/\/demo.kanthemes.com\/spixer\/food\/wp-json\/wp\/v2\/pages\/65","targetHints":{"allow":["GET"]}}],"collection":[{"href":"https:\/\/demo.kanthemes.com\/spixer\/food\/wp-json\/wp\/v2\/pages"}],"about":[{"href":"https:\/\/demo.kanthemes.com\/spixer\/food\/wp-json\/wp\/v2\/types\/page"}],"author":[{"embeddable":true,"href":"https:\/\/demo.kanthemes.com\/spixer\/food\/wp-json\/wp\/v2\/users\/1"}],"replies":[{"embeddable":true,"href":"https:\/\/demo.kanthemes.com\/spixer\/food\/wp-json\/wp\/v2\/comments?post=65"}],"version-history":[{"count":1,"href":"https:\/\/demo.kanthemes.com\/spixer\/food\/wp-json\/wp\/v2\/pages\/65\/revisions"}],"predecessor-version":[{"id":108,"href":"https:\/\/demo.kanthemes.com\/spixer\/food\/wp-json\/wp\/v2\/pages\/65\/revisions\/108"}],"wp:attachment":[{"href":"https:\/\/demo.kanthemes.com\/spixer\/food\/wp-json\/wp\/v2\/media?parent=65"}],"curies":[{"name":"wp","href":"https:\/\/api.w.org\/{rel}","templated":true}]}}